{"id":2,"date":"2016-02-09T13:07:54","date_gmt":"2016-02-09T11:07:54","guid":{"rendered":"http:\/\/engintopuzkanamis.com\/blog\/?page_id=2"},"modified":"2019-11-28T14:13:17","modified_gmt":"2019-11-28T11:13:17","slug":"about","status":"publish","type":"page","link":"https:\/\/engintopuzkanamis.com\/atolyede\/about\/","title":{"rendered":"Buraya dair&#8230; \/ About here&#8230;"},"content":{"rendered":"<p>(English below)<\/p>\n<p>Merhaba,<\/p>\n<p>Uzun say\u0131labilecek bir zamandan beri enstr\u00fcman yap\u0131m\u0131 ve ah\u015fap i\u015fleri ile ilgileniyorum. Mesle\u011fim de\u011fil, merak\u0131m. Bu merak sayesinde bir hayli insanla tan\u0131\u015ft\u0131m. Ba\u011flama ailesinden pek \u00e7ok saz yapt\u0131m. Kimi oldu, kimi olmad\u0131; neyse ki iyi ses verenler \u00e7o\u011funlu\u011fa ge\u00e7ti.<\/p>\n<p>Yabanc\u0131 sitelere bakt\u0131\u011f\u0131mda hem genel olarak ah\u015fap i\u015fleri hem de \u00e7alg\u0131 yap\u0131m (hem de hemen her \u015fey!) ile ilgili b\u00fcy\u00fck bir bilgi pay<a href=\"http:\/\/engintopuzkanamis.com\/blog\/wp-content\/uploads\/Yeni-Microsoft-Office-PowerPoint-Sunusu-2.jpg\" rel=\"attachment wp-att-40\"><img loading=\"lazy\" decoding=\"async\" class=\"alignright wp-image-42 size-medium\" src=\"http:\/\/engintopuzkanamis.com\/blog\/wp-content\/uploads\/Yeni-Microsoft-Office-PowerPoint-Sunusu-2-144x300.jpg\" alt=\"\" width=\"144\" height=\"300\" \/><\/a>la\u015f\u0131m\u0131 g\u00f6r\u00fcyorum ve bu a\u00e7\u0131k\u00e7as\u0131 imrendi\u011fim bir g\u00fczellik. Bir \u015fekilde bana ula\u015f\u0131p sorular soran pek \u00e7ok insan da oluyor. O y\u00fczden edindi\u011fim tecr\u00fcbeleri, yapt\u0131\u011f\u0131m i\u015fleri buradan elden geldi\u011fi, zaman elverdi\u011fi \u00f6l\u00e7\u00fcde payla\u015fmak istedim. Herhangi bir iddiam yok. Yapt\u0131\u011f\u0131m bir \u00e7ok \u015feyi deneme yan\u0131lma ile \u00e7o\u011fu zaman \u00f6nce yanl\u0131\u015f yaparak, bozarak \u00f6\u011frendim. En \u00e7ok bilgi edindi\u011fim yer youtube oldu. \u0130ngilizceye a\u015final\u0131\u011f\u0131n\u0131z\u00a0varsa oras\u0131 m\u00fcthi\u015f bir kaynak.<\/p>\n<p>Bu blogda ba\u011flama ailesi, \u00f6zellikle de (Erkan O\u011fur&#8217;un akort ve icra bi\u00e7imi ile) kopuz ve O\u011fur saz\u0131n\u0131n yap\u0131m\u0131, \u00e7e\u015fitli aletlere ili\u015fkin bilgiler, at\u00f6lyede i\u015fimi kolayla\u015ft\u0131ran baz\u0131 gere\u00e7 ve makineler, k\u00fc\u00e7\u00fck ipu\u00e7lar\u0131, alet kullanmaya ili\u015fkin teknikler gibi bir \u00e7ok konuda bildi\u011fim kadar\u0131n\u0131 aktarmaya \u00e7al\u0131\u015faca\u011f\u0131m.<\/p>\n<p>E\u011fer biraz daha fazlas\u0131n\u0131 merak ederseniz k\u0131ymetli\u00a0dostum G\u00f6k\u00e7e \u00c7ataloluk\u2019un ger\u00e7ekle\u015ftirdi\u011fi <a href=\"http:\/\/www.hukukkurami.net\/editor\/Sayi_6\/06_06_cataloluk.pdf\">\u015fu<\/a>\u00a0ve sevgili P\u0131nar \u00d6zkan\u2019\u0131n yapt\u0131\u011f\u0131 <a href=\"http:\/\/www.yitikulke.com\/calgilar-ve-kediler\/\">\u015fu <\/a>r\u00f6portaja bakabilirsiniz.<\/p>\n<p>Okuyaca\u011f\u0131n\u0131z yaz\u0131lar\u0131n bir k\u0131sm\u0131 hen\u00fcz tamamlanmam\u0131\u015f olabilir. Zamanla daha \u00e7ok yazabilmeyi istiyorum. Belki bu biraz da taleple ilgili. Bloglar bir heyecan\u00a0ba\u015flay\u0131p zamanla tavsayan hevesler. Bakal\u0131m benim enerjim ve vaktim ne kadar yetecek.<\/p>\n<p>Umar\u0131m i\u015finize yarar bir \u015feyler kar\u015f\u0131n\u0131za \u00e7\u0131kar\u2026<\/p>\n<p>Selamlar\u2026<\/p>\n<p>Engin Topuzkanam\u0131\u015f<\/p>\n<p>\u0130leti\u015fim i\u00e7in: etopuzkanamis@gmail.com<\/p>\n<p><a href=\"https:\/\/www.instagram.com\/atolyede\/?hl=tr\">Instagram @atolyede<\/a><\/p>\n<p><a href=\"https:\/\/www.facebook.com\/kopuzi\">https:\/\/www.facebook.com\/kopuzi<\/a><\/p>\n<p>*****<\/p>\n<p>Hello,<\/p>\n<p>It&#8217;s been a long while i&#8217;m dealing with woodworking and especially instrument building. Funny though because i&#8217;m a lawyer! I&#8217;m an assistant professor and study philosophy and sociology of law in Dokuz Eylul University Faculty of Law.<\/p>\n<p>My father and grandfather are both excellent craftsmen on metal work. So i grew up by watching and sometimes working with them. I saw how my father built some very difficult machines with very limited tools. He always comes up with very simple but efficent solutions to difficult problems on work. They both are tough guys; not easy to work together.<\/p>\n<p>I started playing guitar and ba\u011flama (the most widely known and played Turkish folk instrument) while i was 14 years old. I didn&#8217;t go to any music course or school but i learned a lot from my music teacher in my high school. After discovering Erkan O\u011fur, legendary Turkish musician, i started searching after his music and instruments. He invented fretless guitar in 1976. He designed some new instruments like 6 and 9 Strings O\u011fur Saz\u0131, kopuz (old instrument but new tunning and playing style), e-bow on fretless electric guitar. He is not only\u00a0coming from deep roots of the tradition but also renewing it. Generations after him most probably take his approach as tradition. You can compare him only with Tanburi Cemil Bey who known as the greatest Turkish musician of 20th century.<\/p>\n<p>Anyways, thats another story. But i wanted to play like him which i never achived \ud83d\ude42 I started to make some changes on my guitars and baglamas. While i was in university, i was frequently visiting some workshops. I learned some basic techniques there. In 2010 i opened up my littleworkshop. It&#8217;s not a place to make money or make my living. I&#8217;m still teaching in university but workshop became a quite large part of my life. I opened up this place to spend some time to build instruments i want but i cannot afford. But by time i made quite a few instruments. Some of them are in the hands of very talented musicians now.<\/p>\n<p>This blog was started only in Turkish but i realised there are a lot of people interested in Turkish music and instruments. And there isn&#8217;t much information out there online. I want to write all my posts both in Turkish and English. I&#8217;m not gonna translate though since the expectations are different.<\/p>\n<p>You can follow me on <a href=\"https:\/\/www.facebook.com\/kopuzi\">facebook <\/a>and <a href=\"https:\/\/www.instagram.com\/atolyede\/\">instagram<\/a>. Please write me any comments or questions you have.<\/p>\n<p>Thanks for reading!<\/p>\n<p>etopuzkanamis@gmail.com<\/p>\n<p><a href=\"https:\/\/www.instagram.com\/atolyede\/?hl=tr\">Instagram @atolyede<\/a><\/p>\n<p>https:\/\/www.facebook.com\/kopuzi<\/p>\n","protected":false},"excerpt":{"rendered":"<p>(English below) Merhaba, Uzun say\u0131labilecek bir zamandan beri enstr\u00fcman yap\u0131m\u0131 ve ah\u015fap i\u015fleri ile ilgileniyorum. Mesle\u011fim de\u011fil, merak\u0131m. Bu merak sayesinde bir hayli insanla tan\u0131\u015ft\u0131m. Ba\u011flama ailesinden pek \u00e7ok saz yapt\u0131m. Kimi oldu, kimi olmad\u0131; neyse ki iyi ses verenler \u00e7o\u011funlu\u011fa ge\u00e7ti. Yabanc\u0131 sitelere bakt\u0131\u011f\u0131mda hem genel olarak ah\u015fap i\u015fleri hem de \u00e7alg\u0131 yap\u0131m (hem [&hellip;]<\/p>\n","protected":false},"author":2,"featured_media":0,"parent":0,"menu_order":0,"comment_status":"open","ping_status":"closed","template":"","meta":{"_seopress_robots_primary_cat":"","_seopress_titles_title":"","_seopress_titles_desc":"","_seopress_robots_index":"","_seopress_analysis_target_kw":"","site-sidebar-layout":"default","site-content-layout":"default","ast-site-content-layout":"default","site-content-style":"default","site-sidebar-style":"default","ast-global-header-display":"","ast-banner-title-visibility":"","ast-main-header-display":"","ast-hfb-above-header-display":"","ast-hfb-below-header-display":"","ast-hfb-mobile-header-display":"","site-post-title":"","ast-breadcrumbs-content":"","ast-featured-img":"","footer-sml-layout":"","ast-disable-related-posts":"","theme-transparent-header-meta":"default","adv-header-id-meta":"","stick-header-meta":"","header-above-stick-meta":"","header-main-stick-meta":"","header-below-stick-meta":"","astra-migrate-meta-layouts":"default","ast-page-background-enabled":"default","ast-page-background-meta":{"desktop":{"background-color":"","background-image":"","background-repeat":"repeat","background-position":"center center","background-size":"auto","background-attachment":"scroll","background-type":"","background-media":"","overlay-type":"","overlay-color":"","overlay-opacity":"","overlay-gradient":""},"tablet":{"background-color":"","background-image":"","background-repeat":"repeat","background-position":"center center","background-size":"auto","background-attachment":"scroll","background-type":"","background-media":"","overlay-type":"","overlay-color":"","overlay-opacity":"","overlay-gradient":""},"mobile":{"background-color":"","background-image":"","background-repeat":"repeat","background-position":"center center","background-size":"auto","background-attachment":"scroll","background-type":"","background-media":"","overlay-type":"","overlay-color":"","overlay-opacity":"","overlay-gradient":""}},"ast-content-background-meta":{"desktop":{"background-color":"var(--ast-global-color-5)","background-image":"","background-repeat":"repeat","background-position":"center center","background-size":"auto","background-attachment":"scroll","background-type":"","background-media":"","overlay-type":"","overlay-color":"","overlay-opacity":"","overlay-gradient":""},"tablet":{"background-color":"var(--ast-global-color-5)","background-image":"","background-repeat":"repeat","background-position":"center center","background-size":"auto","background-attachment":"scroll","background-type":"","background-media":"","overlay-type":"","overlay-color":"","overlay-opacity":"","overlay-gradient":""},"mobile":{"background-color":"var(--ast-global-color-5)","background-image":"","background-repeat":"repeat","background-position":"center center","background-size":"auto","background-attachment":"scroll","background-type":"","background-media":"","overlay-type":"","overlay-color":"","overlay-opacity":"","overlay-gradient":""}},"footnotes":""},"class_list":["post-2","page","type-page","status-publish","hentry"],"_links":{"self":[{"href":"https:\/\/engintopuzkanamis.com\/atolyede\/wp-json\/wp\/v2\/pages\/2","targetHints":{"allow":["GET"]}}],"collection":[{"href":"https:\/\/engintopuzkanamis.com\/atolyede\/wp-json\/wp\/v2\/pages"}],"about":[{"href":"https:\/\/engintopuzkanamis.com\/atolyede\/wp-json\/wp\/v2\/types\/page"}],"author":[{"embeddable":true,"href":"https:\/\/engintopuzkanamis.com\/atolyede\/wp-json\/wp\/v2\/users\/2"}],"replies":[{"embeddable":true,"href":"https:\/\/engintopuzkanamis.com\/atolyede\/wp-json\/wp\/v2\/comments?post=2"}],"version-history":[{"count":0,"href":"https:\/\/engintopuzkanamis.com\/atolyede\/wp-json\/wp\/v2\/pages\/2\/revisions"}],"wp:attachment":[{"href":"https:\/\/engintopuzkanamis.com\/atolyede\/wp-json\/wp\/v2\/media?parent=2"}],"curies":[{"name":"wp","href":"https:\/\/api.w.org\/{rel}","templated":true}]}}